{"id":1162,"date":"2022-04-22T03:32:36","date_gmt":"2022-04-22T03:32:36","guid":{"rendered":"https:\/\/moroccotoursorganizer.com\/es\/?page_id=1162"},"modified":"2023-02-08T13:51:12","modified_gmt":"2023-02-08T13:51:12","slug":"contactar-con-nosotros","status":"publish","type":"page","link":"https:\/\/moroccotoursorganizer.com\/es\/contactar-con-nosotros","title":{"rendered":"Contacte con nosotros"},"content":{"rendered":"\t\t<div data-elementor-type=\"wp-page\" data-elementor-id=\"1162\" class=\"elementor elementor-1162\">\n\t\t\t\t\t\t<section class=\"elementor-section elementor-top-section elementor-element elementor-element-4e22372b elementor-section-full_width elementor-section-height-default elementor-section-height-default\" data-id=\"4e22372b\" data-element_type=\"section\" data-e-type=\"section\" data-settings=\"{&quot;background_background&quot;:&quot;classic&quot;}\">\n\t\t\t\t\t\t<div class=\"elementor-container elementor-column-gap-default\">\n\t\t\t\t\t<div class=\"elementor-column elementor-col-100 elementor-top-column elementor-element elementor-element-cea64b4\" data-id=\"cea64b4\" data-element_type=\"column\" data-e-type=\"column\">\n\t\t\t<div class=\"elementor-widget-wrap elementor-element-populated\">\n\t\t\t\t\t\t<div class=\"elementor-element elementor-element-35fdeff elementor-view-default elementor-position-top elementor-widget elementor-widget-themo-header\" data-id=\"35fdeff\" data-element_type=\"widget\" data-e-type=\"widget\" data-widget_type=\"themo-header.default\">\n\t\t\t\t<div class=\"elementor-widget-container\">\n\t\t\t\t\t\t\t<div class=\"th-header-wrap\">\n        <div class=\"elementor-icon-box-wrapper \">\n                            <div class=\"elementor-icon-box-content\">\n                    <h1 class=\"elementor-icon-box-title\">\n                        CONTACTAR CON NOSOTROS                    <\/h1>\n                                        <p class=\"elementor-icon-box-description\"><\/p>\n\n                                    <\/div>\n            <\/div>\n\n        <\/div>\n\n\t\t\t\t\t\t<\/div>\n\t\t\t\t<\/div>\n\t\t\t\t\t<\/div>\n\t\t<\/div>\n\t\t\t\t\t<\/div>\n\t\t<\/section>\n\t\t\t\t<section class=\"elementor-section elementor-top-section elementor-element elementor-element-4ac389ab elementor-section-full_width elementor-section-height-default elementor-section-height-default\" data-id=\"4ac389ab\" data-element_type=\"section\" data-e-type=\"section\">\n\t\t\t\t\t\t<div class=\"elementor-container elementor-column-gap-extended\">\n\t\t\t\t\t<div class=\"elementor-column elementor-col-50 elementor-top-column elementor-element elementor-element-75fec2f2\" data-id=\"75fec2f2\" data-element_type=\"column\" data-e-type=\"column\">\n\t\t\t<div class=\"elementor-widget-wrap elementor-element-populated\">\n\t\t\t\t\t\t<div class=\"elementor-element elementor-element-75183a69 elementor-position-left elementor-view-default elementor-widget elementor-widget-themo-service-block\" data-id=\"75183a69\" data-element_type=\"widget\" data-e-type=\"widget\" data-widget_type=\"themo-service-block.default\">\n\t\t\t\t<div class=\"elementor-widget-container\">\n\t\t\t\t\t\t\t<div class=\"th-service-block-w\">\n            <div class=\"elementor-icon-box-wrapper th-show-icon\">\n                                    <div class=\"elementor-icon-box-icon th-icon-size-sm\">\n                        <a class=\"elementor-icon \" href=\"tel:+212658773439\">\n                            <i class=\"th-linea icon-basic-smartphone\" aria-hidden=\"true\" fff><\/i>                        <\/a>\n                    <\/div>\n                                <div class=\"elementor-icon-box-content\">\n                    <h4 class=\"elementor-icon-box-title\">\n                        <a href=\"tel:+212658773439\">Ll\u00e1menos<\/a>\n                    <\/h4>\n                    <p class=\"elementor-icon-box-description\"><\/p>\n                <\/div>\n            <\/div>\n\n        <\/div>\n\n\t\t\t\t\t\t<\/div>\n\t\t\t\t<\/div>\n\t\t\t\t<div class=\"elementor-element elementor-element-2022282c elementor-widget elementor-widget-spacer\" data-id=\"2022282c\" data-element_type=\"widget\" data-e-type=\"widget\" data-widget_type=\"spacer.default\">\n\t\t\t\t<div class=\"elementor-widget-container\">\n\t\t\t\t\t\t\t<div class=\"elementor-spacer\">\n\t\t\t<div class=\"elementor-spacer-inner\"><\/div>\n\t\t<\/div>\n\t\t\t\t\t\t<\/div>\n\t\t\t\t<\/div>\n\t\t\t\t<div class=\"elementor-element elementor-element-268023ef elementor-position-left elementor-view-default elementor-widget elementor-widget-themo-service-block\" data-id=\"268023ef\" data-element_type=\"widget\" data-e-type=\"widget\" data-widget_type=\"themo-service-block.default\">\n\t\t\t\t<div class=\"elementor-widget-container\">\n\t\t\t\t\t\t\t<div class=\"th-service-block-w\">\n            <div class=\"elementor-icon-box-wrapper th-show-icon\">\n                                    <div class=\"elementor-icon-box-icon th-icon-size-sm\">\n                        <a class=\"elementor-icon \" href=\"mailto:moroccotoursorganizer@gmail.com\">\n                            <i class=\"th-linea icon-basic-mail\" aria-hidden=\"true\" fff><\/i>                        <\/a>\n                    <\/div>\n                                <div class=\"elementor-icon-box-content\">\n                    <h4 class=\"elementor-icon-box-title\">\n                        <a href=\"mailto:moroccotoursorganizer@gmail.com\">Env\u00edanos un email<\/a>\n                    <\/h4>\n                    <p class=\"elementor-icon-box-description\"><\/p>\n                <\/div>\n            <\/div>\n\n        <\/div>\n\n\t\t\t\t\t\t<\/div>\n\t\t\t\t<\/div>\n\t\t\t\t<div class=\"elementor-element elementor-element-3e655c3b elementor-widget elementor-widget-spacer\" data-id=\"3e655c3b\" data-element_type=\"widget\" data-e-type=\"widget\" data-widget_type=\"spacer.default\">\n\t\t\t\t<div class=\"elementor-widget-container\">\n\t\t\t\t\t\t\t<div class=\"elementor-spacer\">\n\t\t\t<div class=\"elementor-spacer-inner\"><\/div>\n\t\t<\/div>\n\t\t\t\t\t\t<\/div>\n\t\t\t\t<\/div>\n\t\t\t\t<div class=\"elementor-element elementor-element-29086c29 elementor-position-left elementor-view-default elementor-widget elementor-widget-themo-service-block\" data-id=\"29086c29\" data-element_type=\"widget\" data-e-type=\"widget\" data-widget_type=\"themo-service-block.default\">\n\t\t\t\t<div class=\"elementor-widget-container\">\n\t\t\t\t\t\t\t<div class=\"th-service-block-w\">\n            <div class=\"elementor-icon-box-wrapper th-show-icon\">\n                                    <div class=\"elementor-icon-box-icon th-icon-size-sm\">\n                        <a class=\"elementor-icon \" href=\"https:\/\/goo.gl\/maps\/1EAwEg96McgXLAj96\">\n                            <i class=\"th-trip travelpack-location-pin-1\" aria-hidden=\"true\" fff><\/i>                        <\/a>\n                    <\/div>\n                                <div class=\"elementor-icon-box-content\">\n                    <h4 class=\"elementor-icon-box-title\">\n                        <a href=\"https:\/\/goo.gl\/maps\/1EAwEg96McgXLAj96\">Pasar y hablar<\/a>\n                    <\/h4>\n                    <p class=\"elementor-icon-box-description\"><\/p>\n                <\/div>\n            <\/div>\n\n        <\/div>\n\n\t\t\t\t\t\t<\/div>\n\t\t\t\t<\/div>\n\t\t\t\t\t<\/div>\n\t\t<\/div>\n\t\t\t\t<div class=\"elementor-column elementor-col-50 elementor-top-column elementor-element elementor-element-4ae3a69b\" data-id=\"4ae3a69b\" data-element_type=\"column\" data-e-type=\"column\">\n\t\t\t<div class=\"elementor-widget-wrap elementor-element-populated\">\n\t\t\t\t\t\t<div class=\"elementor-element elementor-element-4cbc7bd0 elementor-widget elementor-widget-themo-formidable-form\" data-id=\"4cbc7bd0\" data-element_type=\"widget\" data-e-type=\"widget\" data-widget_type=\"themo-formidable-form.default\">\n\t\t\t\t<div class=\"elementor-widget-container\">\n\t\t\t\t\t            <div class=\"th-fo-form  th-left th-form-default  th-btn-form btn-standard-primary-form\"><div class=\"wpforms-container wpforms-container-full\" id=\"wpforms-1499\"><form id=\"wpforms-form-1499\" class=\"wpforms-validate wpforms-form\" data-formid=\"1499\" method=\"post\" enctype=\"multipart\/form-data\" action=\"\/es\/wp-json\/wp\/v2\/pages\/1162\" data-token=\"bcdab3001f617e6add42e3096e793668\" data-token-time=\"1775413056\"><noscript class=\"wpforms-error-noscript\">Please enable JavaScript in your browser to complete this form.<\/noscript><div class=\"wpforms-field-container\"><div id=\"wpforms-1499-field_1-container\" class=\"wpforms-field wpforms-field-text\" data-field-id=\"1\"><label class=\"wpforms-field-label\" for=\"wpforms-1499-field_1\">Nombre (obligatorio) <span class=\"wpforms-required-label\">*<\/span><\/label><input type=\"text\" id=\"wpforms-1499-field_1\" class=\"wpforms-field-medium wpforms-field-required\" name=\"wpforms[fields][1]\" required><\/div><div id=\"wpforms-1499-field_2-container\" class=\"wpforms-field wpforms-field-email\" data-field-id=\"2\"><label class=\"wpforms-field-label\" for=\"wpforms-1499-field_2\">Email (obligatorio) <span class=\"wpforms-required-label\">*<\/span><\/label><input type=\"email\" id=\"wpforms-1499-field_2\" class=\"wpforms-field-medium wpforms-field-required\" name=\"wpforms[fields][2]\" spellcheck=\"false\" required><\/div><div id=\"wpforms-1499-field_9-container\" class=\"wpforms-field wpforms-field-select wpforms-field-select-style-classic\" data-field-id=\"9\"><label class=\"wpforms-field-label\" for=\"wpforms-1499-field_9\">Nivel de presupuesto <span class=\"wpforms-required-label\">*<\/span><\/label><select id=\"wpforms-1499-field_9\" class=\"wpforms-field-medium wpforms-field-required\" name=\"wpforms[fields][9]\" required=\"required\"><option value=\"Confort cl\u00e1sico\"  selected='selected' class=\"choice-1 depth-1\"  >Confort cl\u00e1sico<\/option><option value=\"Lujo asequible\"  class=\"choice-2 depth-1\"  >Lujo asequible<\/option><option value=\"Lujo - Lo mejor\"  class=\"choice-3 depth-1\"  >Lujo - Lo mejor<\/option><\/select><\/div><div id=\"wpforms-1499-field_11-container\" class=\"wpforms-field wpforms-field-number\" data-field-id=\"11\"><label class=\"wpforms-field-label\" for=\"wpforms-1499-field_11\">N\u00famero de viajeros <span class=\"wpforms-required-label\">*<\/span><\/label><input type=\"number\" id=\"wpforms-1499-field_11\" class=\"wpforms-field-medium wpforms-field-required\" name=\"wpforms[fields][11]\" step=\"any\" required><\/div><div id=\"wpforms-1499-field_5-container\" class=\"wpforms-field wpforms-field-select wpforms-field-select-style-classic\" data-field-id=\"5\"><label class=\"wpforms-field-label\" for=\"wpforms-1499-field_5\">Viajes m\u00e1s reservados (elegir)<\/label><select id=\"wpforms-1499-field_5\" class=\"wpforms-field-medium\" name=\"wpforms[fields][5]\"><option value=\"Viaje de 3 d\u00edas de Marrakech a Fez\"  class=\"choice-1 depth-1\"  >Viaje de 3 d\u00edas de Marrakech a Fez<\/option><option value=\"Viaje de 3 d\u00edas de Fez a Marrakech\"  class=\"choice-2 depth-1\"  >Viaje de 3 d\u00edas de Fez a Marrakech<\/option><option value=\"Viaje de 4 d\u00edas de Marrakech a Fez\"  class=\"choice-3 depth-1\"  >Viaje de 4 d\u00edas de Marrakech a Fez<\/option><option value=\"Viaje de 4 d\u00edas de Fez a Marrakech\"  class=\"choice-4 depth-1\"  >Viaje de 4 d\u00edas de Fez a Marrakech<\/option><option value=\"Otros\"  class=\"choice-5 depth-1\"  >Otros<\/option><\/select><\/div><div id=\"wpforms-1499-field_3-container\" class=\"wpforms-field wpforms-field-text\" data-field-id=\"3\"><label class=\"wpforms-field-label\" for=\"wpforms-1499-field_3\">Asunto<\/label><input type=\"text\" id=\"wpforms-1499-field_3\" class=\"wpforms-field-medium\" name=\"wpforms[fields][3]\" ><\/div><div id=\"wpforms-1499-field_4-container\" class=\"wpforms-field wpforms-field-textarea\" data-field-id=\"4\"><label class=\"wpforms-field-label\" for=\"wpforms-1499-field_4\">Su mensaje<\/label><textarea id=\"wpforms-1499-field_4\" class=\"wpforms-field-medium\" name=\"wpforms[fields][4]\" ><\/textarea><\/div><\/div><!-- .wpforms-field-container --><div class=\"wpforms-field wpforms-field-hp\"><label for=\"wpforms-1499-field-hp\" class=\"wpforms-field-label\">Comment<\/label><input type=\"text\" name=\"wpforms[hp]\" id=\"wpforms-1499-field-hp\" class=\"wpforms-field-medium\"><\/div><div class=\"wpforms-submit-container\" ><input type=\"hidden\" name=\"wpforms[id]\" value=\"1499\"><input type=\"hidden\" name=\"page_title\" value=\"\"><input type=\"hidden\" name=\"page_url\" value=\"https:\/\/moroccotoursorganizer.com\/es\/wp-json\/wp\/v2\/pages\/1162\"><input type=\"hidden\" name=\"url_referer\" value=\"\"><button type=\"submit\" name=\"wpforms[submit]\" id=\"wpforms-submit-1499\" class=\"wpforms-submit\" data-alt-text=\"Enviando\" data-submit-text=\"Enviar\" aria-live=\"assertive\" value=\"wpforms-submit\">Enviar<\/button><\/div><\/form><\/div>  <!-- .wpforms-container --><\/div>\n            \t\t\t\t<\/div>\n\t\t\t\t<\/div>\n\t\t\t\t\t<\/div>\n\t\t<\/div>\n\t\t\t\t\t<\/div>\n\t\t<\/section>\n\t\t\t\t<section class=\"elementor-section elementor-top-section elementor-element elementor-element-31dd0b66 elementor-section-boxed elementor-section-height-default elementor-section-height-default\" data-id=\"31dd0b66\" data-element_type=\"section\" data-e-type=\"section\">\n\t\t\t\t\t\t<div class=\"elementor-container elementor-column-gap-default\">\n\t\t\t\t\t<div class=\"elementor-column elementor-col-100 elementor-top-column elementor-element elementor-element-167d15a0\" data-id=\"167d15a0\" data-element_type=\"column\" data-e-type=\"column\">\n\t\t\t<div class=\"elementor-widget-wrap elementor-element-populated\">\n\t\t\t\t\t\t<div class=\"elementor-element elementor-element-4e2c4204 elementor-widget elementor-widget-spacer\" data-id=\"4e2c4204\" data-element_type=\"widget\" data-e-type=\"widget\" data-widget_type=\"spacer.default\">\n\t\t\t\t<div class=\"elementor-widget-container\">\n\t\t\t\t\t\t\t<div class=\"elementor-spacer\">\n\t\t\t<div class=\"elementor-spacer-inner\"><\/div>\n\t\t<\/div>\n\t\t\t\t\t\t<\/div>\n\t\t\t\t<\/div>\n\t\t\t\t\t<\/div>\n\t\t<\/div>\n\t\t\t\t\t<\/div>\n\t\t<\/section>\n\t\t\t\t<\/div>\n\t\t","protected":false},"excerpt":{"rendered":"<p>CONTACTAR CON NOSOTROS Ll\u00e1menos Env\u00edanos un email Pasar y hablar Please enable JavaScript in your browser to complete this form.Nombre (obligatorio) *Email (obligatorio) *Nivel de presupuesto *Confort cl\u00e1sicoLujo asequibleLujo &#8211; Lo mejorN\u00famero de viajeros *Viajes m\u00e1s reservados (elegir)Viaje de 3 &hellip; <a href=\"https:\/\/moroccotoursorganizer.com\/es\/contactar-con-nosotros\">Read More<\/a><\/p>\n","protected":false},"author":1,"featured_media":0,"parent":0,"menu_order":0,"comment_status":"closed","ping_status":"closed","template":"","meta":{"_joinchat":[],"footnotes":""},"class_list":["post-1162","page","type-page","status-publish","hentry"],"yoast_head":"<!-- This site is optimized with the Yoast SEO plugin v27.3 - https:\/\/yoast.com\/product\/yoast-seo-wordpress\/ -->\n<title>Contacte con nosotros - Morocco Tours Organizer<\/title>\n<meta name=\"description\" content=\"P\u00f3ngase en contacto con nosotros para cualquier personalizaci\u00f3n y estaremos encantados de responderle en un plazo de 24 horas.\" \/>\n<meta name=\"robots\" content=\"index, follow, max-snippet:-1, max-image-preview:large, max-video-preview:-1\" \/>\n<link rel=\"canonical\" href=\"https:\/\/moroccotoursorganizer.com\/es\/contactar-con-nosotros\" \/>\n<meta property=\"og:locale\" content=\"en_US\" \/>\n<meta property=\"og:type\" content=\"article\" \/>\n<meta property=\"og:title\" content=\"Contacte con nosotros - Morocco Tours Organizer\" \/>\n<meta property=\"og:description\" content=\"P\u00f3ngase en contacto con nosotros para cualquier personalizaci\u00f3n y estaremos encantados de responderle en un plazo de 24 horas.\" \/>\n<meta property=\"og:url\" content=\"https:\/\/moroccotoursorganizer.com\/es\/contactar-con-nosotros\" \/>\n<meta property=\"og:site_name\" content=\"Morocco Tours Organizer\" \/>\n<meta property=\"article:modified_time\" content=\"2023-02-08T13:51:12+00:00\" \/>\n<meta name=\"twitter:card\" content=\"summary_large_image\" \/>\n<meta name=\"twitter:label1\" content=\"Est. reading time\" \/>\n\t<meta name=\"twitter:data1\" content=\"1 minute\" \/>\n<script type=\"application\/ld+json\" class=\"yoast-schema-graph\">{\"@context\":\"https:\\\/\\\/schema.org\",\"@graph\":[{\"@type\":\"WebPage\",\"@id\":\"https:\\\/\\\/moroccotoursorganizer.com\\\/es\\\/contactar-con-nosotros\",\"url\":\"https:\\\/\\\/moroccotoursorganizer.com\\\/es\\\/contactar-con-nosotros\",\"name\":\"Contacte con nosotros - Morocco Tours Organizer\",\"isPartOf\":{\"@id\":\"https:\\\/\\\/moroccotoursorganizer.com\\\/es\\\/#website\"},\"datePublished\":\"2022-04-22T03:32:36+00:00\",\"dateModified\":\"2023-02-08T13:51:12+00:00\",\"description\":\"P\u00f3ngase en contacto con nosotros para cualquier personalizaci\u00f3n y estaremos encantados de responderle en un plazo de 24 horas.\",\"breadcrumb\":{\"@id\":\"https:\\\/\\\/moroccotoursorganizer.com\\\/es\\\/contactar-con-nosotros#breadcrumb\"},\"inLanguage\":\"en-US\",\"potentialAction\":[{\"@type\":\"ReadAction\",\"target\":[\"https:\\\/\\\/moroccotoursorganizer.com\\\/es\\\/contactar-con-nosotros\"]}]},{\"@type\":\"BreadcrumbList\",\"@id\":\"https:\\\/\\\/moroccotoursorganizer.com\\\/es\\\/contactar-con-nosotros#breadcrumb\",\"itemListElement\":[{\"@type\":\"ListItem\",\"position\":1,\"name\":\"Inicio\",\"item\":\"https:\\\/\\\/moroccotoursorganizer.com\\\/es\\\/\"},{\"@type\":\"ListItem\",\"position\":2,\"name\":\"Contacte con nosotros\"}]},{\"@type\":\"WebSite\",\"@id\":\"https:\\\/\\\/moroccotoursorganizer.com\\\/es\\\/#website\",\"url\":\"https:\\\/\\\/moroccotoursorganizer.com\\\/es\\\/\",\"name\":\"Morocco Tours Organizer\",\"description\":\"Agencia de viajes a Marruecos\",\"potentialAction\":[{\"@type\":\"SearchAction\",\"target\":{\"@type\":\"EntryPoint\",\"urlTemplate\":\"https:\\\/\\\/moroccotoursorganizer.com\\\/es\\\/?s={search_term_string}\"},\"query-input\":{\"@type\":\"PropertyValueSpecification\",\"valueRequired\":true,\"valueName\":\"search_term_string\"}}],\"inLanguage\":\"en-US\"}]}<\/script>\n<!-- \/ Yoast SEO plugin. -->","yoast_head_json":{"title":"Contacte con nosotros - Morocco Tours Organizer","description":"P\u00f3ngase en contacto con nosotros para cualquier personalizaci\u00f3n y estaremos encantados de responderle en un plazo de 24 horas.","robots":{"index":"index","follow":"follow","max-snippet":"max-snippet:-1","max-image-preview":"max-image-preview:large","max-video-preview":"max-video-preview:-1"},"canonical":"https:\/\/moroccotoursorganizer.com\/es\/contactar-con-nosotros","og_locale":"en_US","og_type":"article","og_title":"Contacte con nosotros - Morocco Tours Organizer","og_description":"P\u00f3ngase en contacto con nosotros para cualquier personalizaci\u00f3n y estaremos encantados de responderle en un plazo de 24 horas.","og_url":"https:\/\/moroccotoursorganizer.com\/es\/contactar-con-nosotros","og_site_name":"Morocco Tours Organizer","article_modified_time":"2023-02-08T13:51:12+00:00","twitter_card":"summary_large_image","twitter_misc":{"Est. reading time":"1 minute"},"schema":{"@context":"https:\/\/schema.org","@graph":[{"@type":"WebPage","@id":"https:\/\/moroccotoursorganizer.com\/es\/contactar-con-nosotros","url":"https:\/\/moroccotoursorganizer.com\/es\/contactar-con-nosotros","name":"Contacte con nosotros - Morocco Tours Organizer","isPartOf":{"@id":"https:\/\/moroccotoursorganizer.com\/es\/#website"},"datePublished":"2022-04-22T03:32:36+00:00","dateModified":"2023-02-08T13:51:12+00:00","description":"P\u00f3ngase en contacto con nosotros para cualquier personalizaci\u00f3n y estaremos encantados de responderle en un plazo de 24 horas.","breadcrumb":{"@id":"https:\/\/moroccotoursorganizer.com\/es\/contactar-con-nosotros#breadcrumb"},"inLanguage":"en-US","potentialAction":[{"@type":"ReadAction","target":["https:\/\/moroccotoursorganizer.com\/es\/contactar-con-nosotros"]}]},{"@type":"BreadcrumbList","@id":"https:\/\/moroccotoursorganizer.com\/es\/contactar-con-nosotros#breadcrumb","itemListElement":[{"@type":"ListItem","position":1,"name":"Inicio","item":"https:\/\/moroccotoursorganizer.com\/es\/"},{"@type":"ListItem","position":2,"name":"Contacte con nosotros"}]},{"@type":"WebSite","@id":"https:\/\/moroccotoursorganizer.com\/es\/#website","url":"https:\/\/moroccotoursorganizer.com\/es\/","name":"Morocco Tours Organizer","description":"Agencia de viajes a Marruecos","potentialAction":[{"@type":"SearchAction","target":{"@type":"EntryPoint","urlTemplate":"https:\/\/moroccotoursorganizer.com\/es\/?s={search_term_string}"},"query-input":{"@type":"PropertyValueSpecification","valueRequired":true,"valueName":"search_term_string"}}],"inLanguage":"en-US"}]}},"_links":{"self":[{"href":"https:\/\/moroccotoursorganizer.com\/es\/wp-json\/wp\/v2\/pages\/1162","targetHints":{"allow":["GET"]}}],"collection":[{"href":"https:\/\/moroccotoursorganizer.com\/es\/wp-json\/wp\/v2\/pages"}],"about":[{"href":"https:\/\/moroccotoursorganizer.com\/es\/wp-json\/wp\/v2\/types\/page"}],"author":[{"embeddable":true,"href":"https:\/\/moroccotoursorganizer.com\/es\/wp-json\/wp\/v2\/users\/1"}],"replies":[{"embeddable":true,"href":"https:\/\/moroccotoursorganizer.com\/es\/wp-json\/wp\/v2\/comments?post=1162"}],"version-history":[{"count":15,"href":"https:\/\/moroccotoursorganizer.com\/es\/wp-json\/wp\/v2\/pages\/1162\/revisions"}],"predecessor-version":[{"id":2167,"href":"https:\/\/moroccotoursorganizer.com\/es\/wp-json\/wp\/v2\/pages\/1162\/revisions\/2167"}],"wp:attachment":[{"href":"https:\/\/moroccotoursorganizer.com\/es\/wp-json\/wp\/v2\/media?parent=1162"}],"curies":[{"name":"wp","href":"https:\/\/api.w.org\/{rel}","templated":true}]}}