{"id":1865,"date":"2022-05-13T00:45:16","date_gmt":"2022-05-13T00:45:16","guid":{"rendered":"https:\/\/moroccotoursorganizer.com\/es\/?page_id=1865"},"modified":"2022-05-13T02:06:24","modified_gmt":"2022-05-13T02:06:24","slug":"preguntas-frecuentes","status":"publish","type":"page","link":"https:\/\/moroccotoursorganizer.com\/es\/preguntas-frecuentes","title":{"rendered":"PREGUNTAS FRECUENTES"},"content":{"rendered":"\t\t<div data-elementor-type=\"wp-page\" data-elementor-id=\"1865\" class=\"elementor elementor-1865\">\n\t\t\t\t\t\t<section class=\"elementor-section elementor-top-section elementor-element elementor-element-69e71762 elementor-section-height-min-height elementor-section-full_width elementor-section-height-default elementor-section-items-middle\" data-id=\"69e71762\" data-element_type=\"section\" data-e-type=\"section\" data-settings=\"{&quot;background_background&quot;:&quot;classic&quot;}\">\n\t\t\t\t\t\t\t<div class=\"elementor-background-overlay\"><\/div>\n\t\t\t\t\t\t\t<div class=\"elementor-container elementor-column-gap-default\">\n\t\t\t\t\t<div class=\"elementor-column elementor-col-100 elementor-top-column elementor-element elementor-element-473b61fd\" data-id=\"473b61fd\" data-element_type=\"column\" data-e-type=\"column\">\n\t\t\t<div class=\"elementor-widget-wrap elementor-element-populated\">\n\t\t\t\t\t\t<div class=\"elementor-element elementor-element-41b3ffb0 elementor-widget elementor-widget-spacer\" data-id=\"41b3ffb0\" data-element_type=\"widget\" data-e-type=\"widget\" data-widget_type=\"spacer.default\">\n\t\t\t\t<div class=\"elementor-widget-container\">\n\t\t\t\t\t\t\t<div class=\"elementor-spacer\">\n\t\t\t<div class=\"elementor-spacer-inner\"><\/div>\n\t\t<\/div>\n\t\t\t\t\t\t<\/div>\n\t\t\t\t<\/div>\n\t\t\t\t<div class=\"elementor-element elementor-element-59829de7 elementor-view-default elementor-position-top elementor-widget elementor-widget-themo-header\" data-id=\"59829de7\" data-element_type=\"widget\" data-e-type=\"widget\" data-widget_type=\"themo-header.default\">\n\t\t\t\t<div class=\"elementor-widget-container\">\n\t\t\t\t\t\t\t<div class=\"th-header-wrap\">\n        <div class=\"elementor-icon-box-wrapper \">\n                            <div class=\"elementor-icon-box-content\">\n                    <h1 class=\"elementor-icon-box-title\">\n                        PREGUNTAS FRECUENTES                    <\/h1>\n                                        <p class=\"elementor-icon-box-description\">Respuestas a algunas preguntas comunes sobre el Reino de Marruecos<\/p>\n\n                                    <\/div>\n            <\/div>\n\n        <\/div>\n\n\t\t\t\t\t\t<\/div>\n\t\t\t\t<\/div>\n\t\t\t\t\t<\/div>\n\t\t<\/div>\n\t\t\t\t\t<\/div>\n\t\t<\/section>\n\t\t\t\t<section class=\"elementor-section elementor-top-section elementor-element elementor-element-5ba2f2d5 elementor-section-full_width elementor-section-height-default elementor-section-height-default\" data-id=\"5ba2f2d5\" data-element_type=\"section\" data-e-type=\"section\" data-settings=\"{&quot;background_background&quot;:&quot;classic&quot;}\">\n\t\t\t\t\t\t<div class=\"elementor-container elementor-column-gap-wide\">\n\t\t\t\t\t<div class=\"elementor-column elementor-col-50 elementor-top-column elementor-element elementor-element-599afbe9\" data-id=\"599afbe9\" data-element_type=\"column\" data-e-type=\"column\">\n\t\t\t<div class=\"elementor-widget-wrap elementor-element-populated\">\n\t\t\t\t\t\t<div class=\"elementor-element elementor-element-2d501ceb elementor-view-default elementor-position-top elementor-widget elementor-widget-themo-service-block\" data-id=\"2d501ceb\" data-element_type=\"widget\" data-e-type=\"widget\" data-widget_type=\"themo-service-block.default\">\n\t\t\t\t<div class=\"elementor-widget-container\">\n\t\t\t\t\t\t\t<div class=\"th-service-block-w\">\n            <div class=\"elementor-icon-box-wrapper th-show-icon\">\n                                    <div class=\"elementor-icon-box-icon th-icon-size-lg\">\n                        <span class=\"elementor-icon \" >\n                            <i class=\"th-trip travelpack-train-front\" aria-hidden=\"true\" fff><\/i>                        <\/span>\n                    <\/div>\n                                <div class=\"elementor-icon-box-content\">\n                    <h4 class=\"elementor-icon-box-title\">\n                        <span >Transporte<\/span>\n                    <\/h4>\n                    <p class=\"elementor-icon-box-description\">Puede alquilar un coche en el aeropuerto o contratar un coche local <a href=\"https:\/\/moroccotoursorganizer.com\/es\/\" target=\"_blank\">Agencia de viajes de Marruecos<\/a>.<\/p>\n                <\/div>\n            <\/div>\n\n        <\/div>\n\n\t\t\t\t\t\t<\/div>\n\t\t\t\t<\/div>\n\t\t\t\t\t<\/div>\n\t\t<\/div>\n\t\t\t\t<div class=\"elementor-column elementor-col-50 elementor-top-column elementor-element elementor-element-f7295d0\" data-id=\"f7295d0\" data-element_type=\"column\" data-e-type=\"column\">\n\t\t\t<div class=\"elementor-widget-wrap elementor-element-populated\">\n\t\t\t\t\t\t<div class=\"elementor-element elementor-element-8fde2c9 elementor-view-default elementor-position-top elementor-widget elementor-widget-themo-service-block\" data-id=\"8fde2c9\" data-element_type=\"widget\" data-e-type=\"widget\" data-widget_type=\"themo-service-block.default\">\n\t\t\t\t<div class=\"elementor-widget-container\">\n\t\t\t\t\t\t\t<div class=\"th-service-block-w\">\n            <div class=\"elementor-icon-box-wrapper th-show-icon\">\n                                    <div class=\"elementor-icon-box-icon th-icon-size-lg\">\n                        <span class=\"elementor-icon \" >\n                            <i class=\"th-trip travelpack-travelling-backpack\" aria-hidden=\"true\" fff><\/i>                        <\/span>\n                    <\/div>\n                                <div class=\"elementor-icon-box-content\">\n                    <h4 class=\"elementor-icon-box-title\">\n                        <span >Qu\u00e9 llevar<\/span>\n                    <\/h4>\n                    <p class=\"elementor-icon-box-description\">Marruecos es el pa\u00eds de la paradoja. Por ello, te recomendamos que lleves ropa de verano y de invierno.<\/p>\n                <\/div>\n            <\/div>\n\n        <\/div>\n\n\t\t\t\t\t\t<\/div>\n\t\t\t\t<\/div>\n\t\t\t\t\t<\/div>\n\t\t<\/div>\n\t\t\t\t\t<\/div>\n\t\t<\/section>\n\t\t\t\t<section class=\"elementor-section elementor-top-section elementor-element elementor-element-785b695b elementor-section-full_width elementor-section-height-default elementor-section-height-default\" data-id=\"785b695b\" data-element_type=\"section\" data-e-type=\"section\" data-settings=\"{&quot;background_background&quot;:&quot;classic&quot;}\">\n\t\t\t\t\t\t<div class=\"elementor-container elementor-column-gap-default\">\n\t\t\t\t\t<div class=\"elementor-column elementor-col-100 elementor-top-column elementor-element elementor-element-784041e3\" data-id=\"784041e3\" data-element_type=\"column\" data-e-type=\"column\">\n\t\t\t<div class=\"elementor-widget-wrap elementor-element-populated\">\n\t\t\t\t\t\t<div class=\"elementor-element elementor-element-10011fdf elementor-widget elementor-widget-heading\" data-id=\"10011fdf\" data-element_type=\"widget\" data-e-type=\"widget\" data-widget_type=\"heading.default\">\n\t\t\t\t<div class=\"elementor-widget-container\">\n\t\t\t\t\t<h2 class=\"elementor-heading-title elementor-size-default\">PREGUNTAS FRECUENTES SOBRE MARRUECOS :<\/h2>\t\t\t\t<\/div>\n\t\t\t\t<\/div>\n\t\t\t\t<div class=\"elementor-element elementor-element-2d21c032 elementor-widget-divider--view-line_icon elementor-widget-divider--separator-type-pattern elementor-widget-divider--no-spacing elementor-view-default elementor-widget-divider--element-align-center elementor-widget elementor-widget-divider\" data-id=\"2d21c032\" data-element_type=\"widget\" data-e-type=\"widget\" data-widget_type=\"divider.default\">\n\t\t\t\t<div class=\"elementor-widget-container\">\n\t\t\t\t\t\t\t<div class=\"elementor-divider\" style=\"--divider-pattern-url: url(&quot;data:image\/svg+xml,%3Csvg xmlns=&#039;http:\/\/www.w3.org\/2000\/svg&#039; preserveAspectRatio=&#039;xMidYMid meet&#039; overflow=&#039;visible&#039; height=&#039;100%&#039; viewBox=&#039;0 0 126 26&#039; fill=&#039;black&#039; stroke=&#039;none&#039;%3E%3Cpath d=&#039;M46.8,7.8v11.5L36,18.6V7.8H46.8z M82.4,7.8L84,18.6l-12,0.7L70.4,7.8H82.4z M0,7.8l12,0.9v9.9H1.3L0,7.8z M30,7.8v10.8H19L18,7.8H30z M63.7,7.8L66,18.6H54V9.5L63.7,7.8z M89.8,7L102,7.8v10.8H91.2L89.8,7zM108,7.8l12,0.9v8.9l-12,1V7.8z&#039;\/%3E%3C\/svg%3E&quot;);\">\n\t\t\t<span class=\"elementor-divider-separator\">\n\t\t\t\t\t\t\t<div class=\"elementor-icon elementor-divider__element\">\n\t\t\t\t\t<i aria-hidden=\"true\" class=\"fas fa-star\"><\/i><\/div>\n\t\t\t\t\t\t<\/span>\n\t\t<\/div>\n\t\t\t\t\t\t<\/div>\n\t\t\t\t<\/div>\n\t\t\t\t<div class=\"elementor-element elementor-element-2b82ba4 elementor-widget elementor-widget-html\" data-id=\"2b82ba4\" data-element_type=\"widget\" data-e-type=\"widget\" data-widget_type=\"html.default\">\n\t\t\t\t<div class=\"elementor-widget-container\">\n\t\t\t\t\t<div class=\"schema-faq wp-block-yoast-faq-block\"><div class=\"schema-faq-section\" id=\"faq-question-1586820664610\"><strong class=\"schema-faq-question\">Necesito visado para entrar en Marruecos?<\/strong> <p class=\"schema-faq-answer\">La verdad es que si quiere estar seguro de que necesita un visado para entrar en Marruecos, tiene que ponerse en contacto con la embajada de su pa\u00eds. Adem\u00e1s, si quiere solicitar un visado, tiene que hacerlo directamente a trav\u00e9s de la embajada de Marruecos en Rabat.<\/p> <\/div> <div class=\"schema-faq-section\" id=\"faq-question-1586826793258\"><strong class=\"schema-faq-question\">Cu\u00e1l es la mejor \u00e9poca para visitar Marruecos <\/strong> <p class=\"schema-faq-answer\">Durante los periodos de primavera y oto\u00f1o, la temperatura ronda los 25 grados (25<strong>\u00b0C<\/strong>\u00a0\u00d7 9\/5) + 32 = 77<strong>\u00b0F<\/strong>.<\/p> <\/div> <div class=\"schema-faq-section\" id=\"faq-question-1586822005811\"><strong class=\"schema-faq-question\">Es seguro viajar a Marruecos?<\/strong> <p class=\"schema-faq-answer\">Seg\u00fan <a href=\"https:\/\/www.nomadicmatt.com\/travel-blogs\/safety-in-morocco\/\">Mate n\u00f3mada<\/a> y otras fuentes, Marruecos es un pa\u00eds seguro para viajar. Podr\u00edas enfrentarte a estafadores y timadores. Pero son inofensivos, s\u00f3lo hay que ignorarlos. En general, Marruecos sigue siendo un pa\u00eds muy seguro para visitar.<\/p> <\/div> <div class=\"schema-faq-section\" id=\"faq-question-1586822600246\"><strong class=\"schema-faq-question\">Puedo conducir en Marruecos?<\/strong> <p class=\"schema-faq-answer\">S\u00ed, difinetly puede conducir en todas las partes del pa\u00eds. Adem\u00e1s, es necesario tener un permiso de conducir internacional.<\/p> <\/div> <div class=\"schema-faq-section\" id=\"faq-question-1586825362913\"><strong class=\"schema-faq-question\">Son buenas las compras en Marruecos?<\/strong> <p class=\"schema-faq-answer\">S\u00ed, Marruecos es muy famoso por sus enormes zocos (tiendas). Lo \u00fanico que hace falta es saber regatear con los comerciantes.<\/p> <\/div> <div class=\"schema-faq-section\" id=\"faq-question-1586825581689\"><strong class=\"schema-faq-question\">Puedo utilizar una tarjeta SIM marroqu\u00ed?<\/strong> <p class=\"schema-faq-answer\">A la entrada del aeropuerto, hay personas que ofrecen tarjetas sim a precios baratos, alrededor de 20 MAD.<\/p> <\/div> <div class=\"schema-faq-section\" id=\"faq-question-1586825757379\"><strong class=\"schema-faq-question\">Se puede fumar o beber alcohol en Marruecos?<\/strong> <p class=\"schema-faq-answer\">Marruecos es un pa\u00eds isl\u00e1mico. Sin embargo, los turistas pueden adquirir alcohol en bares, hoteles y supermercados como Carrefour. Tambi\u00e9n est\u00e1 permitido fumar cigarrillos.<\/p> <\/div> <div class=\"schema-faq-section\" id=\"faq-question-1586826021963\"><strong class=\"schema-faq-question\">Qu\u00e9 moneda utiliza Marruecos?<\/strong> <p class=\"schema-faq-answer\">Marruecos utiliza el MAD, en los hoteles, restaurantes... aceptan el EUR y el USD. Por lo tanto, hay que cambiar cualquier otra moneda fuera de \u00e9stas. Sin embargo, siempre se puede cambiar en las agencias de los bancos.<\/p> <\/div> <div class=\"schema-faq-section\" id=\"faq-question-1586826457817\"><strong class=\"schema-faq-question\">Puedo recuperar mi dep\u00f3sito por adelantado si he reservado un viaje con Morocco Tours Organizer?<\/strong> <p class=\"schema-faq-answer\">Con nuestra agencia de viajes puede recuperar su dep\u00f3sito si ocurre algo grave (como el Coronavirus).<\/p> <\/div> <div class=\"schema-faq-section\" id=\"faq-question-1586826723997\"><strong class=\"schema-faq-question\">C\u00f3mo reservar un viaje con nosotros?<\/strong> <p class=\"schema-faq-answer\">Simplemente, puede elegir uno de nuestros itinerarios de viajes por Marruecos o ponerse en contacto con nosotros para que le hagamos un itinerario a medida. Adem\u00e1s, para confirmar su reserva, se requiere el dep\u00f3sito.<\/p> <\/div> <\/div>\t\t\t\t<\/div>\n\t\t\t\t<\/div>\n\t\t\t\t\t<\/div>\n\t\t<\/div>\n\t\t\t\t\t<\/div>\n\t\t<\/section>\n\t\t\t\t<section class=\"elementor-section elementor-top-section elementor-element elementor-element-1cc6d5a4 elementor-section-full_width elementor-section-height-default elementor-section-height-default\" data-id=\"1cc6d5a4\" data-element_type=\"section\" data-e-type=\"section\" data-settings=\"{&quot;background_background&quot;:&quot;none&quot;}\">\n\t\t\t\t\t\t<div class=\"elementor-container elementor-column-gap-no\">\n\t\t\t\t\t<div class=\"elementor-column elementor-col-100 elementor-top-column elementor-element elementor-element-3ec048dd\" data-id=\"3ec048dd\" data-element_type=\"column\" data-e-type=\"column\">\n\t\t\t<div class=\"elementor-widget-wrap elementor-element-populated\">\n\t\t\t\t\t\t<div class=\"elementor-element elementor-element-3d89fb9f elementor-arrows-position-inside elementor-pagination-position-outside elementor-widget elementor-widget-image-carousel\" data-id=\"3d89fb9f\" data-element_type=\"widget\" data-e-type=\"widget\" data-settings=\"{&quot;navigation&quot;:&quot;both&quot;,&quot;autoplay&quot;:&quot;yes&quot;,&quot;pause_on_hover&quot;:&quot;yes&quot;,&quot;pause_on_interaction&quot;:&quot;yes&quot;,&quot;autoplay_speed&quot;:5000,&quot;infinite&quot;:&quot;yes&quot;,&quot;speed&quot;:500}\" data-widget_type=\"image-carousel.default\">\n\t\t\t\t<div class=\"elementor-widget-container\">\n\t\t\t\t\t\t\t<div class=\"elementor-image-carousel-wrapper swiper\" role=\"region\" aria-roledescription=\"carousel\" aria-label=\"Image Carousel\" dir=\"ltr\">\n\t\t\t<div class=\"elementor-image-carousel swiper-wrapper swiper-image-stretch\" aria-live=\"off\">\n\t\t\t\t\t\t\t\t<div class=\"swiper-slide\" role=\"group\" aria-roledescription=\"slide\" aria-label=\"1 of 3\"><figure class=\"swiper-slide-inner\"><img decoding=\"async\" class=\"swiper-slide-image\" src=\"https:\/\/moroccotoursorganizer.com\/es\/wp-content\/uploads\/2022\/05\/Faqs-2.jpg\" alt=\"Faqs-2.jpg\" \/><\/figure><\/div><div class=\"swiper-slide\" role=\"group\" aria-roledescription=\"slide\" aria-label=\"2 of 3\"><figure class=\"swiper-slide-inner\"><img decoding=\"async\" class=\"swiper-slide-image\" src=\"https:\/\/moroccotoursorganizer.com\/es\/wp-content\/uploads\/2022\/05\/Faqs-3.jpg\" alt=\"Faqs-3.jpg\" \/><\/figure><\/div><div class=\"swiper-slide\" role=\"group\" aria-roledescription=\"slide\" aria-label=\"3 of 3\"><figure class=\"swiper-slide-inner\"><img decoding=\"async\" class=\"swiper-slide-image\" src=\"https:\/\/moroccotoursorganizer.com\/es\/wp-content\/uploads\/2022\/05\/Faqs.jpg\" alt=\"Faqs.jpg\" \/><\/figure><\/div>\t\t\t<\/div>\n\t\t\t\t\t\t\t\t\t\t\t\t<div class=\"elementor-swiper-button elementor-swiper-button-prev\" role=\"button\" tabindex=\"0\">\n\t\t\t\t\t\t<i aria-hidden=\"true\" class=\"eicon-chevron-left\"><\/i>\t\t\t\t\t<\/div>\n\t\t\t\t\t<div class=\"elementor-swiper-button elementor-swiper-button-next\" role=\"button\" tabindex=\"0\">\n\t\t\t\t\t\t<i aria-hidden=\"true\" class=\"eicon-chevron-right\"><\/i>\t\t\t\t\t<\/div>\n\t\t\t\t\n\t\t\t\t\t\t\t\t\t<div class=\"swiper-pagination\"><\/div>\n\t\t\t\t\t\t\t\t\t<\/div>\n\t\t\t\t\t\t<\/div>\n\t\t\t\t<\/div>\n\t\t\t\t\t<\/div>\n\t\t<\/div>\n\t\t\t\t\t<\/div>\n\t\t<\/section>\n\t\t\t\t<\/div>\n\t\t","protected":false},"excerpt":{"rendered":"<p>PREGUNTAS FRECUENTES Respuestas a algunas preguntas comunes sobre el Reino de Marruecos Transporte Puede alquilar un coche en el aeropuerto o contratar un coche local Agencia de viajes de Marruecos. Qu\u00e9 llevar Marruecos es el pa\u00eds de la paradoja. Por &hellip; <a href=\"https:\/\/moroccotoursorganizer.com\/es\/preguntas-frecuentes\">Read More<\/a><\/p>\n","protected":false},"author":1,"featured_media":0,"parent":0,"menu_order":0,"comment_status":"closed","ping_status":"closed","template":"","meta":{"_joinchat":[],"footnotes":""},"class_list":["post-1865","page","type-page","status-publish","hentry"],"yoast_head":"<!-- This site is optimized with the Yoast SEO plugin v27.3 - https:\/\/yoast.com\/product\/yoast-seo-wordpress\/ -->\n<title>PREGUNTAS FRECUENTES - Morocco Tours Organizer<\/title>\n<meta name=\"description\" content=\"PREGUNTAS FRECUENTES . Es Marruecos un pa\u00eds seguro? Respuesta y muchos m\u00e1s detalles a la hora de viajar al Reino de Marruecos.\" \/>\n<meta name=\"robots\" content=\"index, follow, max-snippet:-1, max-image-preview:large, max-video-preview:-1\" \/>\n<link rel=\"canonical\" href=\"https:\/\/moroccotoursorganizer.com\/es\/preguntas-frecuentes\" \/>\n<meta property=\"og:locale\" content=\"en_US\" \/>\n<meta property=\"og:type\" content=\"article\" \/>\n<meta property=\"og:title\" content=\"PREGUNTAS FRECUENTES - Morocco Tours Organizer\" \/>\n<meta property=\"og:description\" content=\"PREGUNTAS FRECUENTES . Es Marruecos un pa\u00eds seguro? Respuesta y muchos m\u00e1s detalles a la hora de viajar al Reino de Marruecos.\" \/>\n<meta property=\"og:url\" content=\"https:\/\/moroccotoursorganizer.com\/es\/preguntas-frecuentes\" \/>\n<meta property=\"og:site_name\" content=\"Morocco Tours Organizer\" \/>\n<meta property=\"article:modified_time\" content=\"2022-05-13T02:06:24+00:00\" \/>\n<meta property=\"og:image\" content=\"https:\/\/moroccotoursorganizer.com\/es\/wp-content\/uploads\/2022\/05\/Faqs-2.jpg\" \/>\n<meta name=\"twitter:card\" content=\"summary_large_image\" \/>\n<meta name=\"twitter:label1\" content=\"Est. reading time\" \/>\n\t<meta name=\"twitter:data1\" content=\"4 minutes\" \/>\n<script type=\"application\/ld+json\" class=\"yoast-schema-graph\">{\"@context\":\"https:\\\/\\\/schema.org\",\"@graph\":[{\"@type\":\"WebPage\",\"@id\":\"https:\\\/\\\/moroccotoursorganizer.com\\\/es\\\/preguntas-frecuentes\",\"url\":\"https:\\\/\\\/moroccotoursorganizer.com\\\/es\\\/preguntas-frecuentes\",\"name\":\"PREGUNTAS FRECUENTES - Morocco Tours Organizer\",\"isPartOf\":{\"@id\":\"https:\\\/\\\/moroccotoursorganizer.com\\\/es\\\/#website\"},\"primaryImageOfPage\":{\"@id\":\"https:\\\/\\\/moroccotoursorganizer.com\\\/es\\\/preguntas-frecuentes#primaryimage\"},\"image\":{\"@id\":\"https:\\\/\\\/moroccotoursorganizer.com\\\/es\\\/preguntas-frecuentes#primaryimage\"},\"thumbnailUrl\":\"https:\\\/\\\/moroccotoursorganizer.com\\\/es\\\/wp-content\\\/uploads\\\/2022\\\/05\\\/Faqs-2.jpg\",\"datePublished\":\"2022-05-13T00:45:16+00:00\",\"dateModified\":\"2022-05-13T02:06:24+00:00\",\"description\":\"PREGUNTAS FRECUENTES . Es Marruecos un pa\u00eds seguro? Respuesta y muchos m\u00e1s detalles a la hora de viajar al Reino de Marruecos.\",\"breadcrumb\":{\"@id\":\"https:\\\/\\\/moroccotoursorganizer.com\\\/es\\\/preguntas-frecuentes#breadcrumb\"},\"inLanguage\":\"en-US\",\"potentialAction\":[{\"@type\":\"ReadAction\",\"target\":[\"https:\\\/\\\/moroccotoursorganizer.com\\\/es\\\/preguntas-frecuentes\"]}]},{\"@type\":\"ImageObject\",\"inLanguage\":\"en-US\",\"@id\":\"https:\\\/\\\/moroccotoursorganizer.com\\\/es\\\/preguntas-frecuentes#primaryimage\",\"url\":\"https:\\\/\\\/moroccotoursorganizer.com\\\/es\\\/wp-content\\\/uploads\\\/2022\\\/05\\\/Faqs-2.jpg\",\"contentUrl\":\"https:\\\/\\\/moroccotoursorganizer.com\\\/es\\\/wp-content\\\/uploads\\\/2022\\\/05\\\/Faqs-2.jpg\",\"width\":600,\"height\":400},{\"@type\":\"BreadcrumbList\",\"@id\":\"https:\\\/\\\/moroccotoursorganizer.com\\\/es\\\/preguntas-frecuentes#breadcrumb\",\"itemListElement\":[{\"@type\":\"ListItem\",\"position\":1,\"name\":\"Inicio\",\"item\":\"https:\\\/\\\/moroccotoursorganizer.com\\\/es\\\/\"},{\"@type\":\"ListItem\",\"position\":2,\"name\":\"PREGUNTAS FRECUENTES\"}]},{\"@type\":\"WebSite\",\"@id\":\"https:\\\/\\\/moroccotoursorganizer.com\\\/es\\\/#website\",\"url\":\"https:\\\/\\\/moroccotoursorganizer.com\\\/es\\\/\",\"name\":\"Morocco Tours Organizer\",\"description\":\"Agencia de viajes a Marruecos\",\"potentialAction\":[{\"@type\":\"SearchAction\",\"target\":{\"@type\":\"EntryPoint\",\"urlTemplate\":\"https:\\\/\\\/moroccotoursorganizer.com\\\/es\\\/?s={search_term_string}\"},\"query-input\":{\"@type\":\"PropertyValueSpecification\",\"valueRequired\":true,\"valueName\":\"search_term_string\"}}],\"inLanguage\":\"en-US\"}]}<\/script>\n<!-- \/ Yoast SEO plugin. -->","yoast_head_json":{"title":"PREGUNTAS FRECUENTES - Morocco Tours Organizer","description":"PREGUNTAS FRECUENTES . Es Marruecos un pa\u00eds seguro? Respuesta y muchos m\u00e1s detalles a la hora de viajar al Reino de Marruecos.","robots":{"index":"index","follow":"follow","max-snippet":"max-snippet:-1","max-image-preview":"max-image-preview:large","max-video-preview":"max-video-preview:-1"},"canonical":"https:\/\/moroccotoursorganizer.com\/es\/preguntas-frecuentes","og_locale":"en_US","og_type":"article","og_title":"PREGUNTAS FRECUENTES - Morocco Tours Organizer","og_description":"PREGUNTAS FRECUENTES . Es Marruecos un pa\u00eds seguro? Respuesta y muchos m\u00e1s detalles a la hora de viajar al Reino de Marruecos.","og_url":"https:\/\/moroccotoursorganizer.com\/es\/preguntas-frecuentes","og_site_name":"Morocco Tours Organizer","article_modified_time":"2022-05-13T02:06:24+00:00","og_image":[{"url":"https:\/\/moroccotoursorganizer.com\/es\/wp-content\/uploads\/2022\/05\/Faqs-2.jpg","type":"","width":"","height":""}],"twitter_card":"summary_large_image","twitter_misc":{"Est. reading time":"4 minutes"},"schema":{"@context":"https:\/\/schema.org","@graph":[{"@type":"WebPage","@id":"https:\/\/moroccotoursorganizer.com\/es\/preguntas-frecuentes","url":"https:\/\/moroccotoursorganizer.com\/es\/preguntas-frecuentes","name":"PREGUNTAS FRECUENTES - Morocco Tours Organizer","isPartOf":{"@id":"https:\/\/moroccotoursorganizer.com\/es\/#website"},"primaryImageOfPage":{"@id":"https:\/\/moroccotoursorganizer.com\/es\/preguntas-frecuentes#primaryimage"},"image":{"@id":"https:\/\/moroccotoursorganizer.com\/es\/preguntas-frecuentes#primaryimage"},"thumbnailUrl":"https:\/\/moroccotoursorganizer.com\/es\/wp-content\/uploads\/2022\/05\/Faqs-2.jpg","datePublished":"2022-05-13T00:45:16+00:00","dateModified":"2022-05-13T02:06:24+00:00","description":"PREGUNTAS FRECUENTES . Es Marruecos un pa\u00eds seguro? Respuesta y muchos m\u00e1s detalles a la hora de viajar al Reino de Marruecos.","breadcrumb":{"@id":"https:\/\/moroccotoursorganizer.com\/es\/preguntas-frecuentes#breadcrumb"},"inLanguage":"en-US","potentialAction":[{"@type":"ReadAction","target":["https:\/\/moroccotoursorganizer.com\/es\/preguntas-frecuentes"]}]},{"@type":"ImageObject","inLanguage":"en-US","@id":"https:\/\/moroccotoursorganizer.com\/es\/preguntas-frecuentes#primaryimage","url":"https:\/\/moroccotoursorganizer.com\/es\/wp-content\/uploads\/2022\/05\/Faqs-2.jpg","contentUrl":"https:\/\/moroccotoursorganizer.com\/es\/wp-content\/uploads\/2022\/05\/Faqs-2.jpg","width":600,"height":400},{"@type":"BreadcrumbList","@id":"https:\/\/moroccotoursorganizer.com\/es\/preguntas-frecuentes#breadcrumb","itemListElement":[{"@type":"ListItem","position":1,"name":"Inicio","item":"https:\/\/moroccotoursorganizer.com\/es\/"},{"@type":"ListItem","position":2,"name":"PREGUNTAS FRECUENTES"}]},{"@type":"WebSite","@id":"https:\/\/moroccotoursorganizer.com\/es\/#website","url":"https:\/\/moroccotoursorganizer.com\/es\/","name":"Morocco Tours Organizer","description":"Agencia de viajes a Marruecos","potentialAction":[{"@type":"SearchAction","target":{"@type":"EntryPoint","urlTemplate":"https:\/\/moroccotoursorganizer.com\/es\/?s={search_term_string}"},"query-input":{"@type":"PropertyValueSpecification","valueRequired":true,"valueName":"search_term_string"}}],"inLanguage":"en-US"}]}},"_links":{"self":[{"href":"https:\/\/moroccotoursorganizer.com\/es\/wp-json\/wp\/v2\/pages\/1865","targetHints":{"allow":["GET"]}}],"collection":[{"href":"https:\/\/moroccotoursorganizer.com\/es\/wp-json\/wp\/v2\/pages"}],"about":[{"href":"https:\/\/moroccotoursorganizer.com\/es\/wp-json\/wp\/v2\/types\/page"}],"author":[{"embeddable":true,"href":"https:\/\/moroccotoursorganizer.com\/es\/wp-json\/wp\/v2\/users\/1"}],"replies":[{"embeddable":true,"href":"https:\/\/moroccotoursorganizer.com\/es\/wp-json\/wp\/v2\/comments?post=1865"}],"version-history":[{"count":8,"href":"https:\/\/moroccotoursorganizer.com\/es\/wp-json\/wp\/v2\/pages\/1865\/revisions"}],"predecessor-version":[{"id":1875,"href":"https:\/\/moroccotoursorganizer.com\/es\/wp-json\/wp\/v2\/pages\/1865\/revisions\/1875"}],"wp:attachment":[{"href":"https:\/\/moroccotoursorganizer.com\/es\/wp-json\/wp\/v2\/media?parent=1865"}],"curies":[{"name":"wp","href":"https:\/\/api.w.org\/{rel}","templated":true}]}}